{"id":3946,"date":"2018-04-16T17:43:00","date_gmt":"2018-04-16T15:43:00","guid":{"rendered":"https:\/\/www.drkrueger-gnoien.de\/?page_id=3946"},"modified":"2018-05-08T18:02:50","modified_gmt":"2018-05-08T16:02:50","slug":"impressum","status":"publish","type":"page","link":"https:\/\/www.drkrueger-gnoien.de\/index.php\/impressum\/","title":{"rendered":"Impressum"},"content":{"rendered":"<section  class='av_textblock_section av-av_textblock-2de302bf1aa3cf4c9157dbe6f50ac7eb'  itemscope=\"itemscope\" itemtype=\"https:\/\/schema.org\/CreativeWork\" ><div class='avia_textblock'  itemprop=\"text\" ><div class=\"entry-content\">\n<h1>Impressum<\/h1>\n<p>Angaben gem. \u00a7 5 TMG<\/p>\n<p><b>Betreiber und Kontakt:<\/b><\/p>\n<p><strong>Hausarztpraxis<br \/>\n<\/strong><strong>Dr. med. Marco Kr\u00fcger<br \/>\n<\/strong>Facharzt f\u00fcr Allgemeinmedizin<\/p>\n<p>T\u00f6pferstra\u00dfe 19<br \/>\n17179 Gnoien<\/p>\n<p>BSNR: 788637900 | LANR: 864425901<\/p>\n<p><strong>Kontaktdaten<\/strong><\/p>\n<p>Tel.: 039971 \u2013 31 35 25<br \/>\nFax: 039971 \u2013 31 35 29<\/p>\n<p>Mail: dr.marcokrueger@gmx.de<\/p>\n<p><b>Vertretung:<\/b><br \/>\nDr. med. Marco Kr\u00fcger<br \/>\nZust\u00e4ndige Aufsichtsbeh\u00f6rde:<br \/>\n\u00c4rztekammer Mecklenburg-Vorpommern<br \/>\nAugust-Bebel-Str. 9a<br \/>\n18055 Rostock<br \/>\nTel.: +49 (0)381 492 80 0<br \/>\nFax +49 (0)381 492 80 80<br \/>\nE-Mail: <a href=\"mailto:info@aek-mv.de\">info@aek-mv.de<\/a><\/p>\n<p><strong>Zust\u00e4ndige kassen\u00e4rztliche Vereinigung:<\/strong><br \/>\nKassen\u00e4rztliche Vereinigung Mecklenburg-Vorpommern<br \/>\nK\u00f6rperschaft des \u00f6ffentlichen Rechts<br \/>\nNeum\u00fchler Str. 22<br \/>\n19057 Schwerin<br \/>\nTel.: 0049(385)7431-0<br \/>\nFax: 0049(385)7431- 222<br \/>\nE-Mail: <a href=\"mailto:info@kvmv.de\">info@kvmv.de<\/a><\/p>\n<p><strong>Berufsrechtliche Regelungen:<\/strong><\/p>\n<p><strong>1. Bundesrecht<\/strong><\/p>\n<p><a href=\"http:\/\/www.aekmv.de\/default.aspx?pid=20090604080811469&amp;hl=bundes%C3%A4rzteordnung\" target=\"_blank\" rel=\"noopener\">Bundes\u00e4rzteordnung<\/a><br \/>\n<a href=\"http:\/\/www.aekmv.de\/default.aspx?pid=20090604080811469&amp;hl=bundes%C3%A4rzteordnung\" target=\"_blank\" rel=\"noopener\">Approbationsordnung<\/a><\/p>\n<p><strong>2. Landesrecht<\/strong><\/p>\n<p><a href=\"http:\/\/www.aekmv.de\/default.aspx?pid=20090604080811469&amp;hl=bundes%C3%A4rzteordnung\" target=\"_blank\" rel=\"noopener\">Heilberufsgesetz Mecklenburg-Vorpommern<\/a><\/p>\n<p><strong>3. Satzungen der \u00c4rztekammer Mecklenburg-Vorpommern<\/strong><\/p>\n<p><a href=\"http:\/\/www.aekmv.de\/default.aspx?pid=20090604080811469&amp;hl=bundes%C3%A4rzteordnung\" target=\"_blank\" rel=\"noopener\">Berufsordnung<\/a><br \/>\n<a href=\"http:\/\/www.aekmv.de\/default.aspx?pid=20090604080811469&amp;hl=bundes%C3%A4rzteordnung\" target=\"_blank\" rel=\"noopener\">Weiterbildungsordnung<\/a><\/p>\n<p><strong>Disclaimer:<\/strong><\/p>\n<p><strong>(1) Haftungsbeschr\u00e4nkung<\/strong><\/p>\n<h3>Haftung f\u00fcr Inhalte<\/h3>\n<p>Als Diensteanbieter sind wir gem\u00e4\u00df \u00a7 7 Abs.1 TMG f\u00fcr eigene Inhalte auf diesen Seiten nach den allgemeinen Gesetzen verantwortlich. Nach \u00a7\u00a7 8 bis 10 TMG sind wir als Diensteanbieter jedoch nicht verpflichtet, \u00fcbermittelte oder gespeicherte fremde Informationen zu \u00fcberwachen oder nach Umst\u00e4nden zu forschen, die auf eine rechtswidrige T\u00e4tigkeit hinweisen. Verpflichtungen zur Entfernung oder Sperrung der Nutzung von Informationen nach den allgemeinen Gesetzen bleiben hiervon unber\u00fchrt. Eine diesbez\u00fcgliche Haftung ist jedoch erst ab dem Zeitpunkt der Kenntnis einer konkreten Rechtsverletzung m\u00f6glich. Bei Bekanntwerden von entsprechenden Rechtsverletzungen werden wir diese Inhalte umgehend entfernen.<\/p>\n<h3>Haftung f\u00fcr Links<\/h3>\n<p>Unser Angebot enth\u00e4lt Links zu externen Websites Dritter, auf deren Inhalte wir keinen Einfluss haben. Deshalb k\u00f6nnen wir f\u00fcr diese fremden Inhalte auch keine Gew\u00e4hr \u00fcbernehmen. F\u00fcr die Inhalte der verlinkten Seiten ist stets der jeweilige Anbieter oder Betreiber der Seiten verantwortlich. Die verlinkten Seiten wurden zum Zeitpunkt der Verlinkung auf m\u00f6gliche Rechtsverst\u00f6\u00dfe \u00fcberpr\u00fcft. Rechtswidrige Inhalte waren zum Zeitpunkt der Verlinkung nicht erkennbar. Eine permanente inhaltliche Kontrolle der verlinkten Seiten ist jedoch ohne konkrete Anhaltspunkte einer Rechtsverletzung nicht zumutbar. Bei Bekanntwerden von Rechtsverletzungen werden wir derartige Links umgehend entfernen.<\/p>\n<h3>Urheberrecht<\/h3>\n<p>Die durch die Seitenbetreiber erstellten Inhalte und Werke auf diesen Seiten unterliegen dem deutschen Urheberrecht. Die Vervielf\u00e4ltigung, Bearbeitung, Verbreitung und jede Art der Verwertung au\u00dferhalb der Grenzen des Urheberrechtes bed\u00fcrfen der schriftlichen Zustimmung des jeweiligen Autors bzw. Erstellers. Downloads und Kopien dieser Seite sind nur f\u00fcr den privaten, nicht kommerziellen Gebrauch gestattet. Soweit die Inhalte auf dieser Seite nicht vom Betreiber erstellt wurden, werden die Urheberrechte Dritter beachtet. Insbesondere werden Inhalte Dritter als solche gekennzeichnet. Sollten Sie trotzdem auf eine Urheberrechtsverletzung aufmerksam werden, bitten wir um einen entsprechenden Hinweis. Bei Bekanntwerden von Rechtsverletzungen werden wir derartige Inhalte umgehend entfernen.<\/p>\n<div class=\"entry-content\">\n<p><strong>Hinweise f\u00fcr Abmahnversuche<\/strong><\/p>\n<p>Sollte der Inhalt oder die Aufmachung dieser Seiten fremde Rechte Dritter oder gesetzliche Bestimmungen verletzen, so wird um eine entsprechende Nachricht ohne Kostennote gebeten. Die Beseitigung einer m\u00f6glicherweise von diesen Seiten ausgehenden Schutzrecht-Verletzung durch Schutzrecht-Inhaber selbst darf nicht ohne Zustimmung stattfinden. Es wird gew\u00e4hrleistet, dass die zu Recht beanstandeten Passagen unverz\u00fcglich entfernt werden, ohne dass von Ihrerseits die Einschaltung eines Rechtsbeistandes erforderlich ist. Dennoch von Ihnen ohne vorherige Kontaktaufnahme ausgel\u00f6ste Kosten werden vollumf\u00e4nglich zur\u00fcckgewiesen und gegebenenfalls Gegenklage wegen Verletzung vorgenannter Bestimmungen eingereicht.<\/p>\n<p><strong>Anwendbares Recht<br \/>\n<\/strong><br \/>\nEs gilt ausschlie\u00dflich das ma\u00dfgebliche Recht der Bundesrepublik Deutschland.<\/p>\n<\/div>\n<p><strong>Kein Vertragsverh\u00e4ltnis<\/strong>Mit der Nutzung der Website des Anbieters kommt keinerlei Vertragsverh\u00e4ltnis zwischen dem Nutzer und dem Anbieter zustande. Insofern ergeben sich auch keinerlei vertragliche oder quasivertragliche Anspr\u00fcche gegen den Anbieter. F\u00fcr den Fall, dass die Nutzung der Website doch zu einem Vertragsverh\u00e4ltnis f\u00fchren sollte, gilt rein vorsorglich nachfolgende Haftungsbeschr\u00e4nkung: Der Anbieter haftet f\u00fcr Vorsatz und grobe Fahrl\u00e4ssigkeit sowie bei Verletzung einer wesentlichen Vertragspflicht (Kardinalpflicht). Der Anbieter haftet unter Begrenzung auf Ersatz des bei Vertragsschluss vorhersehbaren vertragstypischen Schadens f\u00fcr solche Sch\u00e4den, die auf einer leicht fahrl\u00e4ssigen Verletzung von Kardinalpflichten durch ihn oder eines seiner gesetzlichen Vertreter oder Erf\u00fcllungsgehilfen beruhen. Bei leicht fahrl\u00e4ssiger Verletzung von Nebenpflichten, die keine Kardinalpflichten sind, haftet der Anbieter nicht. Die Haftung f\u00fcr Sch\u00e4den, die in den Schutzbereich einer vom Anbieter gegebenen Garantie oder Zusicherung fallen sowie die Haftung f\u00fcr Anspr\u00fcche aufgrund des Produkthaftungsgesetzes und Sch\u00e4den aus der Verletzung des Lebens, des K\u00f6rpers oder der Gesundheit bleibt hiervon unber\u00fchrt.<\/p>\n<p><b>Bilder und Grafiken:<\/b><br \/>\nAngaben der Quelle f\u00fcr verwendetes Bilder- und Grafikmaterial:<br \/>\nhttp:\/\/www.pixabay.de, http:\/\/www.shutterstock.com, Dr. med. Marco Kr\u00fcger<\/p>\n<h5>Erstellung und Gestaltung:<br \/>\n<strong>bm &amp; partner<\/strong><br \/>\nAgentur f\u00fcr Werbung &amp; Internet<br \/>\n<a title=\"Werbeagentur bm&amp;partner Rostock\" href=\"http:\/\/www.bm-partner.de\" target=\"_blank\" rel=\"noopener\">www.bm-partner.de<\/a><\/h5>\n<\/div>\n<\/div><\/section>\n","protected":false},"excerpt":{"rendered":"","protected":false},"author":1,"featured_media":0,"parent":0,"menu_order":0,"comment_status":"closed","ping_status":"closed","template":"","meta":{"footnotes":""},"_links":{"self":[{"href":"https:\/\/www.drkrueger-gnoien.de\/index.php\/wp-json\/wp\/v2\/pages\/3946"}],"collection":[{"href":"https:\/\/www.drkrueger-gnoien.de\/index.php\/wp-json\/wp\/v2\/pages"}],"about":[{"href":"https:\/\/www.drkrueger-gnoien.de\/index.php\/wp-json\/wp\/v2\/types\/page"}],"author":[{"embeddable":true,"href":"https:\/\/www.drkrueger-gnoien.de\/index.php\/wp-json\/wp\/v2\/users\/1"}],"replies":[{"embeddable":true,"href":"https:\/\/www.drkrueger-gnoien.de\/index.php\/wp-json\/wp\/v2\/comments?post=3946"}],"version-history":[{"count":4,"href":"https:\/\/www.drkrueger-gnoien.de\/index.php\/wp-json\/wp\/v2\/pages\/3946\/revisions"}],"predecessor-version":[{"id":4160,"href":"https:\/\/www.drkrueger-gnoien.de\/index.php\/wp-json\/wp\/v2\/pages\/3946\/revisions\/4160"}],"wp:attachment":[{"href":"https:\/\/www.drkrueger-gnoien.de\/index.php\/wp-json\/wp\/v2\/media?parent=3946"}],"curies":[{"name":"wp","href":"https:\/\/api.w.org\/{rel}","templated":true}]}}