{"id":4133,"date":"2018-05-07T12:01:33","date_gmt":"2018-05-07T10:01:33","guid":{"rendered":"https:\/\/www.drkrueger-gnoien.de\/?page_id=4133"},"modified":"2021-01-18T16:11:09","modified_gmt":"2021-01-18T15:11:09","slug":"online-termin","status":"publish","type":"page","link":"https:\/\/www.drkrueger-gnoien.de\/index.php\/online-termin\/","title":{"rendered":"Online Termin"},"content":{"rendered":"\n<style type=\"text\/css\" data-created_by=\"avia_inline_auto\" id=\"style-css-av-av_heading-c61e6ac24c223f4fd81d462cd8a63add\">\n#top .av-special-heading.av-av_heading-c61e6ac24c223f4fd81d462cd8a63add{\npadding-bottom:10px;\n}\nbody .av-special-heading.av-av_heading-c61e6ac24c223f4fd81d462cd8a63add .av-special-heading-tag .heading-char{\nfont-size:25px;\n}\n.av-special-heading.av-av_heading-c61e6ac24c223f4fd81d462cd8a63add .av-subheading{\nfont-size:15px;\n}\n<\/style>\n<div  class='av-special-heading av-av_heading-c61e6ac24c223f4fd81d462cd8a63add av-special-heading-h1 blockquote modern-quote modern-centered  avia-builder-el-0  el_before_av_hr  avia-builder-el-first  av-thin-font'><h1 class='av-special-heading-tag'  itemprop=\"headline\"  >Online-Termin <strong>vereinbaren<\/strong><\/h1><div class=\"special-heading-border\"><div class=\"special-heading-inner-border\"><\/div><\/div><\/div>\n\n<style type=\"text\/css\" data-created_by=\"avia_inline_auto\" id=\"style-css-av-awj6bp-eddb4b9f758cbb688e4426a3b66df431\">\n#top .hr.av-awj6bp-eddb4b9f758cbb688e4426a3b66df431{\nmargin-top:20px;\nmargin-bottom:20px;\n}\n.hr.av-awj6bp-eddb4b9f758cbb688e4426a3b66df431 .hr-inner{\nwidth:100px;\nborder-color:#0087b5;\n}\n<\/style>\n<div  class='hr av-awj6bp-eddb4b9f758cbb688e4426a3b66df431 hr-custom  avia-builder-el-1  el_after_av_heading  el_before_av_textblock  hr-center hr-icon-no'><span class='hr-inner inner-border-av-border-fat'><span class=\"hr-inner-style\"><\/span><\/span><\/div>\n<section  class='av_textblock_section av-8v7011-96da9faa64ab0c17a0a5047113933fb8'  itemscope=\"itemscope\" itemtype=\"https:\/\/schema.org\/CreativeWork\" ><div class='avia_textblock'  itemprop=\"text\" ><p style=\"text-align: center;\">Sehr geehrte Patienten und Besucher,<\/p>\n<p style=\"text-align: center;\">hier k\u00f6nnen Sie ab sofort Ihren pers\u00f6nlichen Praxistermin vereinbaren.<\/p>\n<p style=\"text-align: center;\">Bitte achten Sie darauf, dass Sie Ihren gew\u00fcnschten Termin anschlie\u00dfend noch per E-Mail best\u00e4tigen m\u00fcssen, schauen Sie gegebenenfalls in Ihrem Spam-Ordner nach.<\/p>\n<\/div><\/section>\n\n<div  class='avia-button-wrap av-2v5fqt-dd67e286b8aab585c6ffca5bae17cc4c-wrap avia-button-center '><a href='https:\/\/www.drkrueger-gnoien.de\/'  class='avia-button av-2v5fqt-dd67e286b8aab585c6ffca5bae17cc4c avia-icon_select-yes-left-icon avia-size-medium avia-position-center avia-color-theme-color'  ><span class='avia_button_icon avia_button_icon_left' aria-hidden='true' data-av_icon='\ue874' data-av_iconfont='entypo-fontello'><\/span><span class='avia_iconbox_title' >zur\u00fcck<\/span><\/a><\/div>\n","protected":false},"excerpt":{"rendered":"","protected":false},"author":1,"featured_media":0,"parent":0,"menu_order":0,"comment_status":"closed","ping_status":"closed","template":"","meta":{"footnotes":""},"_links":{"self":[{"href":"https:\/\/www.drkrueger-gnoien.de\/index.php\/wp-json\/wp\/v2\/pages\/4133"}],"collection":[{"href":"https:\/\/www.drkrueger-gnoien.de\/index.php\/wp-json\/wp\/v2\/pages"}],"about":[{"href":"https:\/\/www.drkrueger-gnoien.de\/index.php\/wp-json\/wp\/v2\/types\/page"}],"author":[{"embeddable":true,"href":"https:\/\/www.drkrueger-gnoien.de\/index.php\/wp-json\/wp\/v2\/users\/1"}],"replies":[{"embeddable":true,"href":"https:\/\/www.drkrueger-gnoien.de\/index.php\/wp-json\/wp\/v2\/comments?post=4133"}],"version-history":[{"count":12,"href":"https:\/\/www.drkrueger-gnoien.de\/index.php\/wp-json\/wp\/v2\/pages\/4133\/revisions"}],"predecessor-version":[{"id":4231,"href":"https:\/\/www.drkrueger-gnoien.de\/index.php\/wp-json\/wp\/v2\/pages\/4133\/revisions\/4231"}],"wp:attachment":[{"href":"https:\/\/www.drkrueger-gnoien.de\/index.php\/wp-json\/wp\/v2\/media?parent=4133"}],"curies":[{"name":"wp","href":"https:\/\/api.w.org\/{rel}","templated":true}]}}